{"id":9271,"date":"2026-02-06T16:09:11","date_gmt":"2026-02-06T15:09:11","guid":{"rendered":"https:\/\/www.palaciodegaudi.es\/history\/"},"modified":"2026-04-13T14:01:50","modified_gmt":"2026-04-13T12:01:50","slug":"history","status":"publish","type":"page","link":"https:\/\/www.palaciodegaudi.es\/en\/the-palace\/history\/","title":{"rendered":"History"},"content":{"rendered":"\n<div class=\"wp-block-group alignwide has-global-padding is-layout-constrained wp-block-group-is-layout-constrained\" style=\"margin-top:var(--wp--preset--spacing--40);margin-bottom:var(--wp--preset--spacing--40)\">\n<div class=\"wp-block-group is-vertical is-content-justification-center is-layout-flex wp-container-core-group-is-layout-ce155fab wp-block-group-is-layout-flex\">\n<div class=\"wp-block-group has-global-padding is-layout-constrained wp-container-core-group-is-layout-346627ba wp-block-group-is-layout-constrained\">\n<p class=\"has-text-align-center\"><em>In 1886 Don Juan Bautista Grau y Vallespin\u00f3s, a native of Reus, took possession of the diocese of Astorga, residing in the old episcopal palace, and on December 23 of that same year the primitive palace burned in flames. As the position of diocesan architect for the construction of the new palace was vacant, Bishop Grau proposed his fellow countryman Antonio Gaud\u00ed y Cornet, who took charge of the works from 1889 to 1893. <\/em><\/p>\n\n\n\n<p class=\"has-text-align-center\">In December 1888, Gaud\u00ed travels to Astorga to see the site and the architectural environment. In February 1889, the Ministry approved the project, and the works were put out to public auction and awarded to the contractor Mr. Policarpo Arias in the amount of 168,520 pts. <\/p>\n\n\n\n<p class=\"has-text-align-center\">On June 24, 1889, the prelate&#8217;s feast day, the first stone was laid. It was planned to finish the works of the Palace in June 1894, but the bishop died in 1893 and this fact will radically change the course of the works, paralyzed by the antagonism between Gaud\u00ed and the Diocesan Board. <\/p>\n\n\n\n<p class=\"has-text-align-center\">Finally Antonio Gaud\u00ed resigned as architect director, very angry at the treatment received and stating: &#8221; <em>They will be unable to finish it and leave it uninterrupted<\/em>&#8220;.<\/p>\n\n\n\n<p class=\"has-text-align-center\">In 1905 D. Juli\u00e1n de Diego y Alcolea governed the diocese of Astorga and tried to convince Gaud\u00ed to return to work on the Palace but failed. The temple of the Sagrada Familia required all his attention and time. <\/p>\n\n\n\n<p class=\"has-text-align-center\">Ricardo Garc\u00eda-Guereta, who was diocesan of Le\u00f3n, was appointed architect, concluding the works on October 12, 1913, with Bishop D. Juli\u00e1n de Diego y Alcolea as bishop. Juli\u00e1n de Diego y Alcolea was Bishop. Subsequently, with Bishop D. Antonio Senso L\u00e1zaro, the lack of concern for the palace was evident. <\/p>\n\n\n\n<p class=\"has-text-align-center\">During the Civil War it was used as barracks and offices for the Falange and as lodging for national forces.<\/p>\n\n\n\n<p class=\"has-text-align-center\">In 1956 Mr. Jos\u00e9 Castelltort, a bishop from Igualada, made the last adaptations to the second floor of the building with the intention of inhabiting it as soon as possible, but his sudden death prevented him from doing so.<\/p>\n\n\n\n<p class=\"has-text-align-center\">Marcelo Gonz\u00e1lez Mart\u00edn will succeed him in the episcopal chair, who decides to reside definitively in the Seminary and to dedicate the Palace to the seat of the Museum of the Ways, which will open to the public in 1964.<\/p>\n\n\n\n<figure class=\"wp-block-gallery has-nested-images columns-4 is-cropped wp-block-gallery-1 is-layout-flex wp-block-gallery-is-layout-flex\">\n<figure class=\"wp-block-image size-full has-custom-border\"><img loading=\"lazy\" decoding=\"async\" width=\"1600\" height=\"1122\" data-id=\"612\" src=\"https:\/\/www.palaciodegaudi.es\/wp-content\/uploads\/2026\/02\/Historia-del-Palacio-Gaudi-en-Astorga.webp\" alt=\"Palacio de Gaudi\" class=\"wp-image-612\" style=\"border-top-left-radius:10px;border-top-right-radius:10px;border-bottom-left-radius:10px;border-bottom-right-radius:10px;aspect-ratio:4\/3\" title=\"Palacio de Gaudi\" srcset=\"https:\/\/www.palaciodegaudi.es\/wp-content\/uploads\/2026\/02\/Historia-del-Palacio-Gaudi-en-Astorga.webp 1600w, https:\/\/www.palaciodegaudi.es\/wp-content\/uploads\/2026\/02\/Historia-del-Palacio-Gaudi-en-Astorga-300x210.webp 300w, https:\/\/www.palaciodegaudi.es\/wp-content\/uploads\/2026\/02\/Historia-del-Palacio-Gaudi-en-Astorga-1024x718.webp 1024w, https:\/\/www.palaciodegaudi.es\/wp-content\/uploads\/2026\/02\/Historia-del-Palacio-Gaudi-en-Astorga-768x539.webp 768w, https:\/\/www.palaciodegaudi.es\/wp-content\/uploads\/2026\/02\/Historia-del-Palacio-Gaudi-en-Astorga-1536x1077.webp 1536w\" sizes=\"auto, (max-width: 1600px) 100vw, 1600px\" \/><\/figure>\n\n\n\n<figure class=\"wp-block-image size-full has-custom-border\"><img loading=\"lazy\" decoding=\"async\" width=\"2000\" height=\"1414\" data-id=\"613\" src=\"https:\/\/www.palaciodegaudi.es\/wp-content\/uploads\/2026\/02\/Historia-del-Palacio-Gaudi-en-Astorga-2.webp\" alt=\"Palacio de Gaudi\" class=\"wp-image-613\" style=\"border-top-left-radius:10px;border-top-right-radius:10px;border-bottom-left-radius:10px;border-bottom-right-radius:10px;aspect-ratio:4\/3\" title=\"Palacio de Gaudi\" srcset=\"https:\/\/www.palaciodegaudi.es\/wp-content\/uploads\/2026\/02\/Historia-del-Palacio-Gaudi-en-Astorga-2.webp 2000w, https:\/\/www.palaciodegaudi.es\/wp-content\/uploads\/2026\/02\/Historia-del-Palacio-Gaudi-en-Astorga-2-300x212.webp 300w, https:\/\/www.palaciodegaudi.es\/wp-content\/uploads\/2026\/02\/Historia-del-Palacio-Gaudi-en-Astorga-2-1024x724.webp 1024w, https:\/\/www.palaciodegaudi.es\/wp-content\/uploads\/2026\/02\/Historia-del-Palacio-Gaudi-en-Astorga-2-768x543.webp 768w, https:\/\/www.palaciodegaudi.es\/wp-content\/uploads\/2026\/02\/Historia-del-Palacio-Gaudi-en-Astorga-2-1536x1086.webp 1536w\" sizes=\"auto, (max-width: 2000px) 100vw, 2000px\" \/><\/figure>\n<\/figure>\n\n\n\n<figure class=\"wp-block-gallery has-nested-images columns-4 is-cropped wp-block-gallery-2 is-layout-flex wp-block-gallery-is-layout-flex\">\n<figure class=\"wp-block-image size-full has-custom-border\"><img loading=\"lazy\" decoding=\"async\" width=\"831\" height=\"549\" data-id=\"355\" src=\"https:\/\/www.palaciodegaudi.es\/wp-content\/uploads\/2026\/02\/Fotografia-historica_Palacio-de-Gaudi.jpg\" alt=\"Palacio de Gaudi\" class=\"wp-image-355\" style=\"border-top-left-radius:10px;border-top-right-radius:10px;border-bottom-left-radius:10px;border-bottom-right-radius:10px;aspect-ratio:3\/4\" title=\"Palacio de Gaudi\" srcset=\"https:\/\/www.palaciodegaudi.es\/wp-content\/uploads\/2026\/02\/Fotografia-historica_Palacio-de-Gaudi.jpg 831w, https:\/\/www.palaciodegaudi.es\/wp-content\/uploads\/2026\/02\/Fotografia-historica_Palacio-de-Gaudi-300x198.jpg 300w, https:\/\/www.palaciodegaudi.es\/wp-content\/uploads\/2026\/02\/Fotografia-historica_Palacio-de-Gaudi-768x507.jpg 768w\" sizes=\"auto, (max-width: 831px) 100vw, 831px\" \/><\/figure>\n\n\n\n<figure class=\"wp-block-image size-full has-custom-border\"><img loading=\"lazy\" decoding=\"async\" width=\"677\" height=\"1012\" data-id=\"354\" src=\"https:\/\/www.palaciodegaudi.es\/wp-content\/uploads\/2026\/02\/Fotografia-historica_3_Palacio-de-Gaudi.jpg\" alt=\"Palacio de Gaudi\" class=\"wp-image-354\" style=\"border-top-left-radius:10px;border-top-right-radius:10px;border-bottom-left-radius:10px;border-bottom-right-radius:10px;aspect-ratio:3\/4\" title=\"Palacio de Gaudi\" srcset=\"https:\/\/www.palaciodegaudi.es\/wp-content\/uploads\/2026\/02\/Fotografia-historica_3_Palacio-de-Gaudi.jpg 677w, https:\/\/www.palaciodegaudi.es\/wp-content\/uploads\/2026\/02\/Fotografia-historica_3_Palacio-de-Gaudi-201x300.jpg 201w\" sizes=\"auto, (max-width: 677px) 100vw, 677px\" \/><\/figure>\n\n\n\n<figure class=\"wp-block-image size-full has-custom-border\"><img loading=\"lazy\" decoding=\"async\" width=\"593\" height=\"953\" data-id=\"356\" src=\"https:\/\/www.palaciodegaudi.es\/wp-content\/uploads\/2026\/02\/Fotografia-historica_1_Palacio-de-Gaudi.jpg\" alt=\"Palacio de Gaudi\" class=\"wp-image-356\" style=\"border-top-left-radius:10px;border-top-right-radius:10px;border-bottom-left-radius:10px;border-bottom-right-radius:10px;aspect-ratio:3\/4\" title=\"Palacio de Gaudi\" srcset=\"https:\/\/www.palaciodegaudi.es\/wp-content\/uploads\/2026\/02\/Fotografia-historica_1_Palacio-de-Gaudi.jpg 593w, https:\/\/www.palaciodegaudi.es\/wp-content\/uploads\/2026\/02\/Fotografia-historica_1_Palacio-de-Gaudi-187x300.jpg 187w\" sizes=\"auto, (max-width: 593px) 100vw, 593px\" \/><\/figure>\n\n\n\n<figure class=\"wp-block-image size-full has-custom-border\"><img loading=\"lazy\" decoding=\"async\" width=\"1024\" height=\"669\" data-id=\"357\" src=\"https:\/\/www.palaciodegaudi.es\/wp-content\/uploads\/2026\/02\/Fotografia-historica_2_Palacio-de-Gaudi-1024x669_.jpg\" alt=\"Palacio de Gaudi\" class=\"wp-image-357\" style=\"border-top-left-radius:10px;border-top-right-radius:10px;border-bottom-left-radius:10px;border-bottom-right-radius:10px;aspect-ratio:3\/4\" title=\"Palacio de Gaudi\" srcset=\"https:\/\/www.palaciodegaudi.es\/wp-content\/uploads\/2026\/02\/Fotografia-historica_2_Palacio-de-Gaudi-1024x669_.jpg 1024w, https:\/\/www.palaciodegaudi.es\/wp-content\/uploads\/2026\/02\/Fotografia-historica_2_Palacio-de-Gaudi-1024x669_-300x196.jpg 300w, https:\/\/www.palaciodegaudi.es\/wp-content\/uploads\/2026\/02\/Fotografia-historica_2_Palacio-de-Gaudi-1024x669_-768x502.jpg 768w\" sizes=\"auto, (max-width: 1024px) 100vw, 1024px\" \/><\/figure>\n<\/figure>\n<\/div>\n<\/div>\n<\/div>\n","protected":false},"excerpt":{"rendered":"<p>In 1886 Don Juan Bautista Grau y Vallespin\u00f3s, a native of Reus, took possession of the diocese of Astorga, residing in the old episcopal palace, and on December 23 of that same year the primitive palace burned in flames. As the position of diocesan architect for the construction of the new palace was vacant, Bishop [&hellip;]<\/p>\n","protected":false},"author":1,"featured_media":0,"parent":9332,"menu_order":0,"comment_status":"closed","ping_status":"closed","template":"","meta":{"footnotes":""},"class_list":["post-9271","page","type-page","status-publish","hentry"],"_links":{"self":[{"href":"https:\/\/www.palaciodegaudi.es\/en\/wp-json\/wp\/v2\/pages\/9271","targetHints":{"allow":["GET"]}}],"collection":[{"href":"https:\/\/www.palaciodegaudi.es\/en\/wp-json\/wp\/v2\/pages"}],"about":[{"href":"https:\/\/www.palaciodegaudi.es\/en\/wp-json\/wp\/v2\/types\/page"}],"author":[{"embeddable":true,"href":"https:\/\/www.palaciodegaudi.es\/en\/wp-json\/wp\/v2\/users\/1"}],"replies":[{"embeddable":true,"href":"https:\/\/www.palaciodegaudi.es\/en\/wp-json\/wp\/v2\/comments?post=9271"}],"version-history":[{"count":1,"href":"https:\/\/www.palaciodegaudi.es\/en\/wp-json\/wp\/v2\/pages\/9271\/revisions"}],"predecessor-version":[{"id":9282,"href":"https:\/\/www.palaciodegaudi.es\/en\/wp-json\/wp\/v2\/pages\/9271\/revisions\/9282"}],"up":[{"embeddable":true,"href":"https:\/\/www.palaciodegaudi.es\/en\/wp-json\/wp\/v2\/pages\/9332"}],"wp:attachment":[{"href":"https:\/\/www.palaciodegaudi.es\/en\/wp-json\/wp\/v2\/media?parent=9271"}],"curies":[{"name":"wp","href":"https:\/\/api.w.org\/{rel}","templated":true}]}}